{"id":2167,"date":"2021-07-15T21:26:10","date_gmt":"2021-07-15T21:26:10","guid":{"rendered":"https:\/\/wdqs-tutorial.toolforge.org\/?page_id=2167"},"modified":"2021-07-15T21:27:41","modified_gmt":"2021-07-15T21:27:41","slug":"test","status":"publish","type":"page","link":"https:\/\/wdqs-tutorial.toolforge.org\/index.php\/test\/?lang=pt-br","title":{"rendered":"P\u00e1gina inicial"},"content":{"rendered":"\n<div class=\"wp-block-button alignright is-style-3d has-custom-size has-custom-lineheight has-custom-letterspacing\" style=\"line-height:2;letter-spacing:0.5px;font-size:14px\"><a class=\"wp-block-button__link has-text-color has-very-dark-gray-color has-background has-very-light-gray-background-color no-border-radius\" href=\"https:\/\/wikimedia.org.il\/about-the-wikidata-query-service-tutorial\/\" target=\"_blank\" rel=\"noreferrer noopener\">SOBRE ESTE TUTORIAL<\/a><\/div>\n\n\n\n<h2>Bem-vindo(a) ao tutorial do Wikidata Query Service!<\/h2>\n\n\n\n<p>Esperamos que voc\u00ea possa aprender bastante com este tutorial, e que comece a usar a poderosa linguagem de consulta SPARQL para consultar, modificar e fazer o melhor uso poss\u00edvel do Wikidata.<\/p>\n\n\n\n<div class=\"wp-block-image\"><figure class=\"aligncenter size-large is-resized\"><img loading=\"lazy\" src=\"https:\/\/wdqs-tutorial.toolforge.org\/wp-content\/uploads\/2020\/04\/Large_Wikidata_Pattern_edited-1024x781.png\" alt=\"\" class=\"wp-image-1222\" width=\"768\" height=\"586\"\/><\/figure><\/div>\n\n\n\n<p>SPARQL (pronunciado como a palavra &#8220;<em>sparkle<\/em>&#8221; em ingl\u00eas) significa \u201c<em>SPARQL Protocol and RDF Query Language<\/em>\u201d (ou \u201cProtocolo e Linguagem de Consulta a RDF SPARQL\u201d, em portugu\u00eas). Este acr\u00f4nimo se refere a uma linguagem de consulta a RDF, isto \u00e9, uma linguagem de consulta para bancos de dados que armazenam informa\u00e7\u00f5es no formato <em>Resource Description Framework<\/em> (ou \u201cEstrutura de Descri\u00e7\u00e3o de Recursos\u201d, em portugu\u00eas). O Wikidata \u00e9 um banco de dados deste tipo.<\/p>\n\n\n\n<p>Este tutorial busca te fornecer uma apresenta\u00e7\u00e3o amig\u00e1vel ao SPARQL, para que voc\u00ea seja capaz de realizar consultas ao Wikidata mesmo sem ter qualquer experi\u00eancia com consultas ou linguagens de programa\u00e7\u00e3o. Cada cap\u00edtulo cont\u00e9m li\u00e7\u00f5es sobre v\u00e1rios princ\u00edpios de SPARQL, com exemplos e exerc\u00edcios. Recomendamos fortemente que voc\u00ea tente resolver os exerc\u00edcios antes de ver a resolu\u00e7\u00e3o.<\/p>\n\n\n\n<p>Ao final deste tutorial voc\u00ea ser\u00e1 capaz de usar SPARQL para realizar consultas \u00e0 imensa quantidade de dados ligados entre si (\u201clinked data\u201d em ingl\u00eas) dispon\u00edveis no Wikidata. Esperamos que isto lhe encoraje a se tornar um(a) editor(a) ativo(a) no Wikidata &#8211; o maior banco de dados livres do mundo.<\/p>\n\n\n\n<div class=\"wp-block-button aligncenter\"><a class=\"wp-block-button__link has-background\" href=\"https:\/\/wdqs-tutorial.toolforge.org\/index.php\/introduction-pt-br\/introduction-to-wikidata\/?lang=pt-br\" style=\"background-color:#0071a1\">Sim! Quero come\u00e7ar o tutorial<\/a><\/div>\n","protected":false},"excerpt":{"rendered":"<p>Bem-vindo(a) ao tutorial do Wikidata Query Service! Esperamos que voc\u00ea possa aprender bastante com este tutorial, e que comece a usar a poderosa linguagem de consulta SPARQL para consultar, modificar e fazer o melhor uso poss\u00edvel do Wikidata. SPARQL (pronunciado como a palavra &#8220;sparkle&#8221; em ingl\u00eas) significa \u201cSPARQL Protocol and RDF Query Language\u201d (ou \u201cProtocolo [&hellip;]<\/p>\n","protected":false},"author":3,"featured_media":0,"parent":0,"menu_order":0,"comment_status":"closed","ping_status":"closed","template":"","meta":{"_coblocks_attr":"","_coblocks_dimensions":"","_coblocks_responsive_height":"","_coblocks_accordion_ie_support":""},"categories":[],"tags":[],"_links":{"self":[{"href":"https:\/\/wdqs-tutorial.toolforge.org\/index.php\/wp-json\/wp\/v2\/pages\/2167"}],"collection":[{"href":"https:\/\/wdqs-tutorial.toolforge.org\/index.php\/wp-json\/wp\/v2\/pages"}],"about":[{"href":"https:\/\/wdqs-tutorial.toolforge.org\/index.php\/wp-json\/wp\/v2\/types\/page"}],"author":[{"embeddable":true,"href":"https:\/\/wdqs-tutorial.toolforge.org\/index.php\/wp-json\/wp\/v2\/users\/3"}],"replies":[{"embeddable":true,"href":"https:\/\/wdqs-tutorial.toolforge.org\/index.php\/wp-json\/wp\/v2\/comments?post=2167"}],"version-history":[{"count":1,"href":"https:\/\/wdqs-tutorial.toolforge.org\/index.php\/wp-json\/wp\/v2\/pages\/2167\/revisions"}],"predecessor-version":[{"id":2169,"href":"https:\/\/wdqs-tutorial.toolforge.org\/index.php\/wp-json\/wp\/v2\/pages\/2167\/revisions\/2169"}],"wp:attachment":[{"href":"https:\/\/wdqs-tutorial.toolforge.org\/index.php\/wp-json\/wp\/v2\/media?parent=2167"}],"wp:term":[{"taxonomy":"category","embeddable":true,"href":"https:\/\/wdqs-tutorial.toolforge.org\/index.php\/wp-json\/wp\/v2\/categories?post=2167"},{"taxonomy":"post_tag","embeddable":true,"href":"https:\/\/wdqs-tutorial.toolforge.org\/index.php\/wp-json\/wp\/v2\/tags?post=2167"}],"curies":[{"name":"wp","href":"https:\/\/api.w.org\/{rel}","templated":true}]}}